{"id":788,"date":"2021-07-09T07:08:20","date_gmt":"2021-07-09T07:08:20","guid":{"rendered":"https:\/\/murtolahti.fi\/?page_id=788"},"modified":"2025-12-18T07:01:36","modified_gmt":"2025-12-18T07:01:36","slug":"hyodyllisia-linkkeja","status":"publish","type":"page","link":"https:\/\/murtolahti.fi\/?page_id=788","title":{"rendered":"PAIKALLISIA LINKKEJ\u00c4"},"content":{"rendered":"\n<ul class=\"wp-block-list\">\n<li><a href=\"http:\/\/karttapalvelu.kuopio.fi\/\">KARTTA<\/a><\/li>\n<\/ul>\n\n\n\n<div id=\"column_l\">\n<h2>Paikallisia linkkej\u00e4 ja puhelinnumeroita.<\/h2>\n<ul>\n<li style=\"list-style-type: none;\">\n<ul>\n<li style=\"list-style-type: none;\">\n<ul>\n<li><a href=\"http:\/\/www.savonkoodi.com\/\">Savon Koodi<\/a><br>Tietotekniikka apua.<\/li>\n<li><a href=\"http:\/\/nilsia.fi\">Nilsi\u00e4n Pit\u00e4j\u00e4yhdistyksen sivut<\/a> Sivusto ei k\u00e4yt\u00e4 https suojausta!<\/li>\n<li><a href=\"http:\/\/www.nilsiantvhuolto.fi\/\">Nilsi\u00e4n TV-Huolto<\/a> Sivusto ei k\u00e4yt\u00e4 https suojausta!<br>Elektroniikka-, antennilaitteiden asennus, huolto ja myynti<\/li>\n<li><a href=\"http:\/\/www.pieksankoskenvesiosuuskunta.fi\/\">Pieks\u00e4nkosken vesiosuuskunta<\/a><\/li>\n<li>Pieks\u00e4nkosken LVI- ja rakennuspalvelu<br>Kimmo Venehsalo puh. 0445280300<\/li>\n<li><a href=\"http:\/\/www.kuopio.fi\/\">Kuopion Kaupunki<\/a><br>Kuopion Kaupungin sivut<\/li>\n<li><a href=\"http:\/\/www.kuopionseurakunnat.fi\/kirkot-ja-tilat\/siunauskappelit\/murtolahden-kappeli\">Nilsi\u00e4n evl. seurakunta<\/a><br>J\u00e4rvi-Kuopion Nilsi\u00e4n seurakunnan tapahtumia<\/li>\n<li>Kohtirannan kotikampaamo&nbsp;Sanna Miettinen<br>Ajanvaraus: 0449952615<\/li>\n<li>Puunkorjuuta ja haketusta Tatu Pekkarinen puh. 0400636996<\/li>\n<li>Soraa ja mursketta Matti V\u00e4\u00e4n\u00e4nen puh. 0400173103<\/li>\n<li>Kaivuri urakointia Lassi-Pekka Airaksinen 0400884217<\/li>\n<li><a href=\"http:\/\/www.kivennapa.com\/\">Kartanohotelli Kivennapa<\/a><br>Maatilahotelli Juankoskella<\/li>\n<li>Murtolahden jakokunta (kalastuskunta)<br>Esimies Jukka Pekkarinen puh. 0400102643<br>T\u00e4st\u00e4 p\u00e4\u00e4set&nbsp;<a href=\"https:\/\/verkkokauppa.eraluvat.fi\/l\">OSTAMAAN VALTION KALASTUSLUPIA<\/a><\/li>\n<li>Arto Holopainen, nuohous, puunsahaus. Puh. 0405577201.<\/li>\n<\/ul>\n<\/li>\n<\/ul>\n<\/li>\n\n<li style=\"list-style-type: none;\">\n<ul>\n<li style=\"list-style-type: none;\">\n<ul>\n<li><a href=\"https:\/\/www.halunaseura.fi\/kalenteri.html\">Haluna Seura<\/a><br>Halunan kyl\u00e4n tapahtumia<\/li>\n<li><a href=\"https:\/\/pajulahdenkylayhdistys.yhdistysavain.fi\/\">Pajulahti<\/a> Pajulahden kyl\u00e4n kotisivut<\/li>\n<li>Muuruvesi <a href=\"http:\/\/muuruvesi.fi\">kyl\u00e4yhdistys<\/a><\/li>\n<\/ul>\n<\/li>\n<\/ul>\n<\/li>\n<\/ul>\n\n<\/div>\n","protected":false},"excerpt":{"rendered":"<p>Paikallisia linkkej\u00e4 ja puhelinnumeroita. Savon KoodiTietotekniikka apua. Nilsi\u00e4n Pit\u00e4j\u00e4yhdistyksen sivut Sivusto ei k\u00e4yt\u00e4 https suojausta! Nilsi\u00e4n TV-Huolto Sivusto ei k\u00e4yt\u00e4 https suojausta!Elektroniikka-, antennilaitteiden asennus, huolto ja myynti Pieks\u00e4nkosken vesiosuuskunta Pieks\u00e4nkosken LVI- ja rakennuspalveluKimmo Venehsalo puh. 0445280300 Kuopion KaupunkiKuopion Kaupungin sivut &hellip; <a href=\"https:\/\/murtolahti.fi\/?page_id=788\">Lue loppuun <span class=\"meta-nav\">&rarr;<\/span><\/a><\/p>\n","protected":false},"author":1,"featured_media":0,"parent":17,"menu_order":0,"comment_status":"closed","ping_status":"closed","template":"","meta":{"footnotes":""},"class_list":["post-788","page","type-page","status-publish","hentry"],"_links":{"self":[{"href":"https:\/\/murtolahti.fi\/index.php?rest_route=\/wp\/v2\/pages\/788","targetHints":{"allow":["GET"]}}],"collection":[{"href":"https:\/\/murtolahti.fi\/index.php?rest_route=\/wp\/v2\/pages"}],"about":[{"href":"https:\/\/murtolahti.fi\/index.php?rest_route=\/wp\/v2\/types\/page"}],"author":[{"embeddable":true,"href":"https:\/\/murtolahti.fi\/index.php?rest_route=\/wp\/v2\/users\/1"}],"replies":[{"embeddable":true,"href":"https:\/\/murtolahti.fi\/index.php?rest_route=%2Fwp%2Fv2%2Fcomments&post=788"}],"version-history":[{"count":4,"href":"https:\/\/murtolahti.fi\/index.php?rest_route=\/wp\/v2\/pages\/788\/revisions"}],"predecessor-version":[{"id":1006,"href":"https:\/\/murtolahti.fi\/index.php?rest_route=\/wp\/v2\/pages\/788\/revisions\/1006"}],"up":[{"embeddable":true,"href":"https:\/\/murtolahti.fi\/index.php?rest_route=\/wp\/v2\/pages\/17"}],"wp:attachment":[{"href":"https:\/\/murtolahti.fi\/index.php?rest_route=%2Fwp%2Fv2%2Fmedia&parent=788"}],"curies":[{"name":"wp","href":"https:\/\/api.w.org\/{rel}","templated":true}]}}