{"id":339,"date":"2019-01-14T14:53:47","date_gmt":"2019-01-14T14:53:47","guid":{"rendered":"https:\/\/murtolahti.fi\/?page_id=339"},"modified":"2026-02-10T12:00:32","modified_gmt":"2026-02-10T12:00:32","slug":"tiijotteet","status":"publish","type":"page","link":"https:\/\/murtolahti.fi\/?page_id=339","title":{"rendered":"VIESTIT, ILMOITUKSET"},"content":{"rendered":"\n<p class=\"has-text-align-center\">Tiijjotteet sivulle voit j\u00e4tt\u00e4\u00e4 imoituksen, ilmoittaa tapahtuman, osto-&nbsp;tai myynti-ilmoituksen.<br>\nVierit\u00e4 alas niin l\u00f6yd\u00e4t l\u00e4hetyslomakkeen.<br>\n<iframe id=\"blockrandom\" class=\"auto-style1\" style=\"width: 1000px; height: 1500px;\" src=\"https:\/\/users4.smartgb.com\/g\/g.php?a=s&amp;i=g44-76411-f6\" name=\"\" scrolling=\"auto\"><span data-mce-type=\"bookmark\" style=\"display: inline-block; width: 0px; overflow: hidden; line-height: 0;\" class=\"mce_SELRES_start\">\ufeff<\/span><span data-mce-type=\"bookmark\" style=\"display: inline-block; width: 0px; overflow: hidden; line-height: 0;\" class=\"mce_SELRES_start\">\ufeff<\/span><span data-mce-type=\"bookmark\" style=\"display: inline-block; width: 0px; overflow: hidden; line-height: 0;\" class=\"mce_SELRES_start\">\ufeff<\/span><span data-mce-type=\"bookmark\" style=\"display: inline-block; width: 0px; overflow: hidden; line-height: 0;\" class=\"mce_SELRES_start\">\ufeff<\/span><span data-mce-type=\"bookmark\" style=\"display: inline-block; width: 0px; overflow: hidden; line-height: 0;\" class=\"mce_SELRES_start\">\ufeff<\/span><span data-mce-type=\"bookmark\" style=\"display: inline-block; width: 0px; overflow: hidden; line-height: 0;\" class=\"mce_SELRES_start\">\ufeff<\/span><span data-mce-type=\"bookmark\" style=\"display: inline-block; width: 0px; overflow: hidden; line-height: 0;\" class=\"mce_SELRES_start\">\ufeff<\/span>Ei Iframej<span data-mce-type=\"bookmark\" style=\"display: inline-block; width: 0px; overflow: hidden; line-height: 0;\" class=\"mce_SELRES_start\">\ufeff<\/span>a<\/iframe><\/p>\n\n\n\n<p><script type=\"text\/javascript\"><br \/>\nvar uri = 'https:\/\/impfi.tradedoubler.com\/imp?type(img)g(16263612)a(266785)' + new String (Math.random()).substring (2, 11);<br \/>\ndocument.write('<a href=\"https:\/\/clk.tradedoubler.com\/click?p=43667&#038;a=266785&#038;g=16263612\" target=\"_BLANK\"><img decoding=\"async\" src=\"'+uri+'\" border=0><\/a>');<br \/>\n<\/script><\/p>\n","protected":false},"excerpt":{"rendered":"<p>Tiijjotteet sivulle voit j\u00e4tt\u00e4\u00e4 imoituksen, ilmoittaa tapahtuman, osto-&nbsp;tai myynti-ilmoituksen. Vierit\u00e4 alas niin l\u00f6yd\u00e4t l\u00e4hetyslomakkeen. \ufeff\ufeff\ufeff\ufeff\ufeff\ufeff\ufeffEi Iframej\ufeffa<\/p>\n","protected":false},"author":1,"featured_media":0,"parent":0,"menu_order":5,"comment_status":"closed","ping_status":"closed","template":"","meta":{"footnotes":""},"class_list":["post-339","page","type-page","status-publish","hentry"],"_links":{"self":[{"href":"https:\/\/murtolahti.fi\/index.php?rest_route=\/wp\/v2\/pages\/339","targetHints":{"allow":["GET"]}}],"collection":[{"href":"https:\/\/murtolahti.fi\/index.php?rest_route=\/wp\/v2\/pages"}],"about":[{"href":"https:\/\/murtolahti.fi\/index.php?rest_route=\/wp\/v2\/types\/page"}],"author":[{"embeddable":true,"href":"https:\/\/murtolahti.fi\/index.php?rest_route=\/wp\/v2\/users\/1"}],"replies":[{"embeddable":true,"href":"https:\/\/murtolahti.fi\/index.php?rest_route=%2Fwp%2Fv2%2Fcomments&post=339"}],"version-history":[{"count":2,"href":"https:\/\/murtolahti.fi\/index.php?rest_route=\/wp\/v2\/pages\/339\/revisions"}],"predecessor-version":[{"id":1080,"href":"https:\/\/murtolahti.fi\/index.php?rest_route=\/wp\/v2\/pages\/339\/revisions\/1080"}],"wp:attachment":[{"href":"https:\/\/murtolahti.fi\/index.php?rest_route=%2Fwp%2Fv2%2Fmedia&parent=339"}],"curies":[{"name":"wp","href":"https:\/\/api.w.org\/{rel}","templated":true}]}}