{"id":3,"date":"2025-12-02T13:51:16","date_gmt":"2025-12-02T13:51:16","guid":{"rendered":"https:\/\/murtolahti.fi\/?page_id=3"},"modified":"2026-01-23T14:47:22","modified_gmt":"2026-01-23T14:47:22","slug":"privacy-policy","status":"publish","type":"page","link":"https:\/\/murtolahti.fi\/?page_id=3","title":{"rendered":"TIetosuoja seloste"},"content":{"rendered":"\n<p>Murtolahden kyl\u00e4n ja ymp\u00e4rist\u00f6n sivusto. Osoite on: https:\/\/murtolahti.fi.<\/p>\n\n\n\n<h2 class=\"wp-block-heading\">Tietoa<\/h2>\n\n\n\n<p>Emme tallenna ja ker\u00e4\u00e4 muita s\u00e4hk\u00f6posti, puhelin ja osoitetietoja kuin mit\u00e4 sivustolla oleva varauskalenteri tarvitsee. N\u00e4it\u00e4 osoite ym. tietoja s\u00e4lytet\u00e4\u00e4n korkeintaan vuosi eli sen ajan kun varauskausi on voimassa.<\/p>\n\n\n\n<h2 class=\"wp-block-heading\">Media<\/h2>\n\n\n\n<p>Jos luovitat kuvia verkkosivustolle julkaistavaksi, sinun tulee v\u00e4ltt\u00e4\u00e4 l\u00e4hett\u00e4m\u00e4st\u00e4 kuvia, joihin on upotettu sijaintitietoja (EXIF GPS). Verkkosivuston k\u00e4vij\u00e4t voivat ladata ja poimia sijaintitietoja verkkosivuston kuvista.<br>Videoita emme sivustolla julkaise, mutta voimme asettaa linkin muuhun palveluun tallennettuun video tiedostoon.<\/p>\n\n\n\n<h2 class=\"wp-block-heading\">Cookies<\/h2>\n\n\n\n<p>Jos j\u00e4t\u00e4t kommentin sivustollemme, voit halutessasi tallentaa nimesi, s\u00e4hk\u00f6postiosoitteesi ja verkkosivustosi ev\u00e4steisiin. N\u00e4m\u00e4 ev\u00e4steet on tarkoitettu k\u00e4ytt\u00f6mukavuutesi parantamiseksi, jotta sinun ei tarvitse t\u00e4ytt\u00e4\u00e4 tietojasi uudelleen, kun j\u00e4t\u00e4t kommentin. N\u00e4m\u00e4 ev\u00e4steet ovat voimassa yhden vuoden.<\/p>\n\n\n\n<p>Jos vierailet kirjautumissivullamme, asetamme v\u00e4liaikaisen ev\u00e4steen selvitt\u00e4\u00e4ksemme, hyv\u00e4ksyyk\u00f6 selaimesi ev\u00e4steet. T\u00e4m\u00e4 ev\u00e4ste ei sis\u00e4ll\u00e4 henkil\u00f6tietoja ja se poistetaan, kun suljet selaimesi.<\/p>\n\n\n\n<p>Jos muokkaat tai julkaiset artikkelin, selaimeesi tallennetaan ylim\u00e4\u00e4r\u00e4inen ev\u00e4ste. T\u00e4m\u00e4 ev\u00e4ste ei sis\u00e4ll\u00e4 henkil\u00f6tietoja ja se vain osoittaa juuri muokkaamasi artikkelin julkaisutunnuksen. Se vanhenee yhden p\u00e4iv\u00e4n kuluttua.<\/p>\n\n\n\n<h2 class=\"wp-block-heading\">Upotettu sis\u00e4lt\u00f6 muilta verkkosivustoilta<\/h2>\n\n\n\n<p>T\u00e4m\u00e4n sivuston artikkelit saattavat sis\u00e4lt\u00e4\u00e4 upotettua sis\u00e4lt\u00f6\u00e4 (esim. videoita, kuvia, artikkeleita jne.). Muilta verkkosivustoilta upotettu sis\u00e4lt\u00f6 toimii t\u00e4sm\u00e4lleen samalla tavalla kuin jos k\u00e4vij\u00e4 olisi k\u00e4ynyt toisella verkkosivustolla. N\u00e4m\u00e4 verkkosivustot voivat ker\u00e4t\u00e4 tietoja sinusta, k\u00e4ytt\u00e4\u00e4 ev\u00e4steit\u00e4, upottaa muita kolmannen osapuolen seurantapalveluita ja seurata vuorovaikutustasi kyseisen upotetun sis\u00e4ll\u00f6n kanssa, mukaan lukien vuorovaikutuksesi seuraaminen upotetun sis\u00e4ll\u00f6n kanssa, jos sinulla on tili ja olet kirjautuneena kyseiselle verkkosivustolle.<\/p>\n\n\n\n<h2 class=\"wp-block-heading\">Kenelle jaamme tietojasi<\/h2>\n\n\n\n<p>Emme jaa sivustolle tallennettuja yhteystietoja kenellekk\u00e4\u00e4n.<\/p>\n\n\n\n<h2 class=\"wp-block-heading\">Kuinka kauan s\u00e4lyt\u00e4mme tietojasi<\/h2>\n\n\n\n<p>Jos j\u00e4t\u00e4t kommentin, kommentti ja sen metatiedot s\u00e4ilytet\u00e4\u00e4n toistaiseksi. T\u00e4m\u00e4 on tarkoitettu tunnistamaan ja hyv\u00e4ksym\u00e4\u00e4n mahdolliset jatkokommentit automaattisesti sen sijaan, ett\u00e4 pit\u00e4isimme niit\u00e4 moderointijonossa.<\/p>\n\n\n\n<p>S\u00e4ilyt\u00e4mme my\u00f6s verkkosivustollemme rekister\u00f6ityneiden k\u00e4ytt\u00e4jien (jos sellaisia \u200b\u200bon) henkil\u00f6tiedot k\u00e4ytt\u00e4j\u00e4profiilissaan. Kaikki k\u00e4ytt\u00e4j\u00e4t voivat n\u00e4hd\u00e4, muokata tai poistaa henkil\u00f6tietojaan milloin tahansa (paitsi ett\u00e4 he eiv\u00e4t voi muuttaa k\u00e4ytt\u00e4j\u00e4tunnustaan). My\u00f6s verkkosivuston yll\u00e4pit\u00e4j\u00e4t voivat n\u00e4hd\u00e4 ja muokata n\u00e4it\u00e4 tietoja.<\/p>\n\n\n\n<h2 class=\"wp-block-heading\">Mit\u00e4 oikeuksia sinulla on tietoihisi<\/h2>\n\n\n\n<p>Jos sinulla on tili t\u00e4ll\u00e4 sivustolla tai olet j\u00e4tt\u00e4nyt kommentteja, voit pyyt\u00e4\u00e4 meit\u00e4 vastaanottamaan viedyn tiedoston hallussamme olevista sinua koskevista henkil\u00f6tiedoista, mukaan lukien kaikki meille antamasi tiedot. Voit my\u00f6s pyyt\u00e4\u00e4 meit\u00e4 poistamaan kaikki hallussamme olevat sinua koskevat henkil\u00f6tiedot. T\u00e4m\u00e4 ei sis\u00e4ll\u00e4 tietoja, joita meid\u00e4n on s\u00e4ilytett\u00e4v\u00e4 hallinnollisista, oikeudellisista tai turvallisuussyist\u00e4.<\/p>\n\n\n\n<h2 class=\"wp-block-heading\">Minne tietosi l\u00e4hetet\u00e4\u00e4n<\/h2>\n\n\n\n<p>Kuten aiemmin kerrotiin tietojasi ei jaeta kenellek\u00e4\u00e4n jos kuitenkin j\u00e4t\u00e4t kommentin (ei t\u00e4ll\u00e4hetkell\u00e4 k\u00e4yt\u00f6ss\u00e4) tai tiijotteet sivulle s\u00e4hk\u00f6posti osoitteen se kaikkien sivustolla k\u00e4vi\u00f6iden saatavilla. . <br>Vierailijoiden kommentit voidaan tarkistaa automaattisen roskapostin tunnistuspalvelun avulla.<\/p>\n\n\n\n<p>Murtolahden Kyl\u00e4yhdistys<\/p>\n","protected":false},"excerpt":{"rendered":"<p>Murtolahden kyl\u00e4n ja ymp\u00e4rist\u00f6n sivusto. Osoite on: https:\/\/murtolahti.fi. Tietoa Emme tallenna ja ker\u00e4\u00e4 muita s\u00e4hk\u00f6posti, puhelin ja osoitetietoja kuin mit\u00e4 sivustolla oleva varauskalenteri tarvitsee. N\u00e4it\u00e4 osoite ym. tietoja s\u00e4lytet\u00e4\u00e4n korkeintaan vuosi eli sen ajan kun varauskausi on voimassa. Media Jos &hellip; <a href=\"https:\/\/murtolahti.fi\/?page_id=3\">Lue loppuun <span class=\"meta-nav\">&rarr;<\/span><\/a><\/p>\n","protected":false},"author":1,"featured_media":0,"parent":0,"menu_order":0,"comment_status":"closed","ping_status":"open","template":"","meta":{"footnotes":""},"class_list":["post-3","page","type-page","status-publish","hentry"],"_links":{"self":[{"href":"https:\/\/murtolahti.fi\/index.php?rest_route=\/wp\/v2\/pages\/3","targetHints":{"allow":["GET"]}}],"collection":[{"href":"https:\/\/murtolahti.fi\/index.php?rest_route=\/wp\/v2\/pages"}],"about":[{"href":"https:\/\/murtolahti.fi\/index.php?rest_route=\/wp\/v2\/types\/page"}],"author":[{"embeddable":true,"href":"https:\/\/murtolahti.fi\/index.php?rest_route=\/wp\/v2\/users\/1"}],"replies":[{"embeddable":true,"href":"https:\/\/murtolahti.fi\/index.php?rest_route=%2Fwp%2Fv2%2Fcomments&post=3"}],"version-history":[{"count":5,"href":"https:\/\/murtolahti.fi\/index.php?rest_route=\/wp\/v2\/pages\/3\/revisions"}],"predecessor-version":[{"id":1078,"href":"https:\/\/murtolahti.fi\/index.php?rest_route=\/wp\/v2\/pages\/3\/revisions\/1078"}],"wp:attachment":[{"href":"https:\/\/murtolahti.fi\/index.php?rest_route=%2Fwp%2Fv2%2Fmedia&parent=3"}],"curies":[{"name":"wp","href":"https:\/\/api.w.org\/{rel}","templated":true}]}}