{"id":251,"date":"2018-11-19T13:58:17","date_gmt":"2018-11-19T13:58:17","guid":{"rendered":"https:\/\/murtolahti.fi\/?page_id=251"},"modified":"2026-01-02T12:25:39","modified_gmt":"2026-01-02T12:25:39","slug":"kysely","status":"publish","type":"page","link":"https:\/\/murtolahti.fi\/?page_id=251","title":{"rendered":"Kyselyt"},"content":{"rendered":"\n<figure class=\"wp-block-image is-style-rounded\"><img loading=\"lazy\" decoding=\"async\" width=\"1024\" height=\"576\" src=\"https:\/\/murtolahti.fi\/wp-content\/uploads\/2026\/01\/IMG_20230908_075945_HDR-1024x576-1.jpg\" alt=\"T\u00e4lle kuvalle ei ole vaihtoehtoista kuvateksti\u00e4. Tiedoston nimi on IMG_20230908_075945_HDR.jpg\" class=\"wp-image-1029\" srcset=\"https:\/\/murtolahti.fi\/wp-content\/uploads\/2026\/01\/IMG_20230908_075945_HDR-1024x576-1.jpg 1024w, https:\/\/murtolahti.fi\/wp-content\/uploads\/2026\/01\/IMG_20230908_075945_HDR-1024x576-1-300x169.jpg 300w, https:\/\/murtolahti.fi\/wp-content\/uploads\/2026\/01\/IMG_20230908_075945_HDR-1024x576-1-768x432.jpg 768w, https:\/\/murtolahti.fi\/wp-content\/uploads\/2026\/01\/IMG_20230908_075945_HDR-1024x576-1-500x281.jpg 500w\" sizes=\"auto, (max-width: 1024px) 100vw, 1024px\" \/><\/figure>\n\n\n\n<p><script><span data-mce-type=\"bookmark\" style=\"display: inline-block; width: 0px; overflow: hidden; line-height: 0;\" class=\"mce_SELRES_start\">\ufeff<\/span><br \/>\nvar uri = 'https:\/\/impfi.tradedoubler.com\/imp?type(img)g(20053076)a(266785)' + new String (Math.random()).substring (2, 11);<br \/>\ndocument.write('<a href=\"https:\/\/clk.tradedoubler.com\/click?p=11772&#038;a=266785&#038;g=20053076\" target=\"_BLANK\"><img decoding=\"async\" src=\"'+uri+'\" border=0><\/a>');<br \/>\n<\/script><br>T\u00e4m\u00e4n lomakkeen tarjoaa google. voit katsoa vastattuasi yhteenvedon vastauksista,<br>henkil\u00f6 tietoja ei tarvita.<\/p>\n\n\n\n<iframe loading=\"lazy\" src=\"https:\/\/docs.google.com\/forms\/d\/e\/1FAIpQLSf9tolgnE1YWZj2pbcdYKw3Kz8zPVBXdbU3fVwTBVNBtJuA4g\/viewform?embedded=true\" width=\"700\" height=\"520\" frameborder=\"0\" marginheight=\"0\" marginwidth=\"0\">Ladataan\u2026<\/ifram\n\n\n\n<p><\/p>\n","protected":false},"excerpt":{"rendered":"<p>T\u00e4m\u00e4n lomakkeen tarjoaa google. voit katsoa vastattuasi yhteenvedon vastauksista,henkil\u00f6 tietoja ei tarvita. Ladataan\u2026<\/p>\n","protected":false},"author":2,"featured_media":0,"parent":0,"menu_order":6,"comment_status":"closed","ping_status":"closed","template":"","meta":{"footnotes":""},"class_list":["post-251","page","type-page","status-publish","hentry"],"_links":{"self":[{"href":"https:\/\/murtolahti.fi\/index.php?rest_route=\/wp\/v2\/pages\/251","targetHints":{"allow":["GET"]}}],"collection":[{"href":"https:\/\/murtolahti.fi\/index.php?rest_route=\/wp\/v2\/pages"}],"about":[{"href":"https:\/\/murtolahti.fi\/index.php?rest_route=\/wp\/v2\/types\/page"}],"author":[{"embeddable":true,"href":"https:\/\/murtolahti.fi\/index.php?rest_route=\/wp\/v2\/users\/2"}],"replies":[{"embeddable":true,"href":"https:\/\/murtolahti.fi\/index.php?rest_route=%2Fwp%2Fv2%2Fcomments&post=251"}],"version-history":[{"count":6,"href":"https:\/\/murtolahti.fi\/index.php?rest_route=\/wp\/v2\/pages\/251\/revisions"}],"predecessor-version":[{"id":1031,"href":"https:\/\/murtolahti.fi\/index.php?rest_route=\/wp\/v2\/pages\/251\/revisions\/1031"}],"wp:attachment":[{"href":"https:\/\/murtolahti.fi\/index.php?rest_route=%2Fwp%2Fv2%2Fmedia&parent=251"}],"curies":[{"name":"wp","href":"https:\/\/api.w.org\/{rel}","templated":true}]}}