{"id":25,"date":"2018-08-25T14:47:16","date_gmt":"2018-08-25T14:47:16","guid":{"rendered":"http:\/\/murtolahti.fi\/?page_id=25"},"modified":"2025-12-10T06:16:49","modified_gmt":"2025-12-10T06:16:49","slug":"nuorisoseura","status":"publish","type":"page","link":"https:\/\/murtolahti.fi\/?page_id=25","title":{"rendered":"NUORISOREURA"},"content":{"rendered":"\n<h2 class=\"wp-block-heading\">Poimintoja toimintasuunnitelmastamme<\/h2>\n\n\n\n<p>Murtolahden nuorisoseura on koko perheen yhdistys, joka tuottaa j\u00e4senist\u00f6lleen vapaa-ajan palveluita. Nuorisoseura pyrkii omalta osaltaan vaikuttamaan Murtolahden alueen s\u00e4ilymiseen elinvoimaisena ja virikkeellisen\u00e4 asuinymp\u00e4rist\u00f6n\u00e4.&nbsp;Nuorisoseuran toiminnan perustana ovat koko perheen tapahtumat, joiden teema vaihtelee vuodenaikojen ja ajankohtaisten tapahtumien mukaisesti.&nbsp;<br>Seura&nbsp;tekee&nbsp;yhteisty\u00f6t\u00e4&nbsp;ja&nbsp;k\u00e4y&nbsp;aktiivista&nbsp;vuoropuhelua&nbsp;paikallisten yhdistysten, yhteis\u00f6jen ja yritysten kanssa.&nbsp;Tiedotus toiminnastamme tapahtuu p\u00e4\u00e4s\u00e4\u00e4nt\u00f6isesti&nbsp;Murtolahti WhatsApp-ryhm\u00e4ss\u00e4, internetiss\u00e4 murtolahti.fi sivulla, fb. Murtolahden kyl\u00e4kanavalla, sek\u00e4 alkukes\u00e4ll\u00e4 ilmestyv\u00e4ss\u00e4 postilaatikoihin jaettavassa Uutisankassa.<br>Viikoittaisena toimintana s\u00e4hlyt Pajulahden koululla lauantaisin klo 17.00-18.30. Jos haluat porukkaan mukaan, ilmoita halukkuutesi Lauralle!<\/p>\n\n\n\n<p><\/p>\n\n\n\n<figure class=\"wp-block-image size-large\"><img loading=\"lazy\" decoding=\"async\" width=\"1024\" height=\"768\" src=\"https:\/\/murtolahti.fi\/wp-content\/uploads\/2025\/12\/Pikkujoulu2025-1024x768.jpg\" alt=\"Pikkujoulua Hiekkaniemen laavulla. Kuvassa k\u00e4ynniss\u00e4 piirileikki.\" class=\"wp-image-982\" srcset=\"https:\/\/murtolahti.fi\/wp-content\/uploads\/2025\/12\/Pikkujoulu2025-1024x768.jpg 1024w, https:\/\/murtolahti.fi\/wp-content\/uploads\/2025\/12\/Pikkujoulu2025-300x225.jpg 300w, https:\/\/murtolahti.fi\/wp-content\/uploads\/2025\/12\/Pikkujoulu2025-768x576.jpg 768w, https:\/\/murtolahti.fi\/wp-content\/uploads\/2025\/12\/Pikkujoulu2025-1536x1152.jpg 1536w, https:\/\/murtolahti.fi\/wp-content\/uploads\/2025\/12\/Pikkujoulu2025-2048x1536.jpg 2048w, https:\/\/murtolahti.fi\/wp-content\/uploads\/2025\/12\/Pikkujoulu2025-400x300.jpg 400w\" sizes=\"auto, (max-width: 1024px) 100vw, 1024px\" \/><\/figure>\n\n\n\n<p><\/p>\n\n\n\n<h4 class=\"wp-block-heading\">Hallinto ja koulutus<\/h4>\n\n\n\n<p>Seura pit\u00e4\u00e4 kaksi s\u00e4\u00e4nt\u00f6m\u00e4\u00e4r\u00e4ist\u00e4 kokousta vuosittain. Johtokunnan kokouksia pidet\u00e4\u00e4n tarpeen mukaan. Seura k\u00e4ytt\u00e4\u00e4 hyv\u00e4kseen keskusseuran ja Vapaan sivistystoiminnan liiton j\u00e4rjest\u00e4mi\u00e4 koulutustilaisuuksia.<\/p>\n\n\n\n<h4 class=\"wp-block-heading\">Yhteisty\u00f6<\/h4>\n\n\n\n<p>Seura pyrkii yhteisty\u00f6h\u00f6n ja aktiiviseen toimintaan paikallisten yritysten, yhteis\u00f6jen ja yhdistysten kanssa. Seura kannustaa j\u00e4seni\u00e4\u00e4n osallistumaan my\u00f6s muiden nuorisoseurojen, keskusseuran ja Suomen nuorisoseurojen liiton j\u00e4rjest\u00e4miin tapahtumiin.<\/p>\n\n\n\n<p><strong>Huom. <\/strong>Nyt saatavilla lainaan kotiin luettavaksi viisi osainen Nuorisoseurojen Historia, jonka on koonnut ja kirjoittanut Jaakko Numminen: Kysy Lauralta tai Sirpalta!<\/p>\n\n\n\n<p><\/p>\n\n\n\n<h4 class=\"wp-block-heading\">J\u00e4senmaksu<br>Nuorisoseuran j\u00e4senmaksut vuodelle 2026:<br>*saajan tilinumeroFI56 5288 0440 0517 97<\/h4>\n\n\n\n<p>*saaja&nbsp;<br>Murtolahden nuorisoseura ry<\/p>\n\n\n\n<p>*maksaja&nbsp;<br>oma nimesi<\/p>\n\n\n\n<p>*viestiosioon kaikkien maksun maksavien nimet ja osoite<\/p>\n\n\n\n<p>*j\u00e4senmaksut 2026:<br>alle 7v. ilmainen, 10\u20ac\/hl\u00f6, 40\u20ac\/perhe<\/p>\n\n\n\n<h4 class=\"wp-block-heading\">Johtokunta 2026:<br>Puheenjohtaja<\/h4>\n\n\n\n<p>Laura Martikainen<\/p>\n\n\n\n<p><a href=\"mailto:lauramartika@gmail.com\" target=\"_blank\" rel=\"noreferrer noopener\">lauramartika@gmail.com<\/a><\/p>\n\n\n\n<p>Puh. 0503503535<\/p>\n\n\n\n<p>varapuheenjohtaja<\/p>\n\n\n\n<p>Joona Lappalainen<\/p>\n\n\n\n<p>sihteeri<\/p>\n\n\n\n<p>Sirpa Tuononen<\/p>\n\n\n\n<p>Liikuntavastaavat<\/p>\n\n\n\n<p>Tatu Pekkarinen<\/p>\n\n\n\n<p>Reijo Tuononen<\/p>\n\n\n\n<p>Em\u00e4nn\u00e4t<\/p>\n\n\n\n<p>Sirpa K\u00e4\u00e4ri\u00e4inen<\/p>\n\n\n\n<p>Anja Lappalainen<\/p>\n\n\n\n<p>Sanna Miettinen<\/p>\n\n\n\n<p>Nuorisovastaava<\/p>\n\n\n\n<p>Juho Tuononen<\/p>\n\n\n\n<p>Rahastonhoitaja<\/p>\n\n\n\n<p>Timo Suominen<\/p>\n\n\n\n<p>Yll\u00e4 puheenjohtajan yhteystiedot, saa esitt\u00e4\u00e4 ideoita ja toiveita sek\u00e4 antaa palautetta! Tapaamisiin!<\/p>\n","protected":false},"excerpt":{"rendered":"<p>Poimintoja toimintasuunnitelmastamme Murtolahden nuorisoseura on koko perheen yhdistys, joka tuottaa j\u00e4senist\u00f6lleen vapaa-ajan palveluita. Nuorisoseura pyrkii omalta osaltaan vaikuttamaan Murtolahden alueen s\u00e4ilymiseen elinvoimaisena ja virikkeellisen\u00e4 asuinymp\u00e4rist\u00f6n\u00e4.&nbsp;Nuorisoseuran toiminnan perustana ovat koko perheen tapahtumat, joiden teema vaihtelee vuodenaikojen ja ajankohtaisten tapahtumien mukaisesti.&nbsp;Seura&nbsp;tekee&nbsp;yhteisty\u00f6t\u00e4&nbsp;ja&nbsp;k\u00e4y&nbsp;aktiivista&nbsp;vuoropuhelua&nbsp;paikallisten yhdistysten, &hellip; <a href=\"https:\/\/murtolahti.fi\/?page_id=25\">Lue loppuun <span class=\"meta-nav\">&rarr;<\/span><\/a><\/p>\n","protected":false},"author":1,"featured_media":0,"parent":0,"menu_order":4,"comment_status":"closed","ping_status":"closed","template":"","meta":{"footnotes":""},"class_list":["post-25","page","type-page","status-publish","hentry"],"_links":{"self":[{"href":"https:\/\/murtolahti.fi\/index.php?rest_route=\/wp\/v2\/pages\/25","targetHints":{"allow":["GET"]}}],"collection":[{"href":"https:\/\/murtolahti.fi\/index.php?rest_route=\/wp\/v2\/pages"}],"about":[{"href":"https:\/\/murtolahti.fi\/index.php?rest_route=\/wp\/v2\/types\/page"}],"author":[{"embeddable":true,"href":"https:\/\/murtolahti.fi\/index.php?rest_route=\/wp\/v2\/users\/1"}],"replies":[{"embeddable":true,"href":"https:\/\/murtolahti.fi\/index.php?rest_route=%2Fwp%2Fv2%2Fcomments&post=25"}],"version-history":[{"count":9,"href":"https:\/\/murtolahti.fi\/index.php?rest_route=\/wp\/v2\/pages\/25\/revisions"}],"predecessor-version":[{"id":993,"href":"https:\/\/murtolahti.fi\/index.php?rest_route=\/wp\/v2\/pages\/25\/revisions\/993"}],"wp:attachment":[{"href":"https:\/\/murtolahti.fi\/index.php?rest_route=%2Fwp%2Fv2%2Fmedia&parent=25"}],"curies":[{"name":"wp","href":"https:\/\/api.w.org\/{rel}","templated":true}]}}