{"id":20,"date":"2018-08-25T14:33:50","date_gmt":"2018-08-25T14:33:50","guid":{"rendered":"http:\/\/murtolahti.fi\/?page_id=18"},"modified":"2026-03-27T13:46:56","modified_gmt":"2026-03-27T13:46:56","slug":"maa-ja-kotitalousseura","status":"publish","type":"page","link":"https:\/\/murtolahti.fi\/?page_id=20","title":{"rendered":"MAA- JA KOTITALOUSSEURA"},"content":{"rendered":"\n<p><strong>Murtolahden maa- ja kotitalousseura ry<\/strong><\/p>\n\n\n\n<p>V\u00e4himm\u00e4isveloitus on ty\u00f6p\u00e4iv\u00e4n tai k\u00e4ytt\u00f6kerran hinta taulukon mukaisesti<\/p>\n\n\n\n<p>Maksa vuokra k\u00e4yt\u00f6n j\u00e4lkeen yhdistyksen tilille FI42 5288 0440 0483 63<\/p>\n\n\n\n<p>Jos et ole yhdistyksen j\u00e4sen, lis\u00e4\u00e4 vuokraan 10 \u20ac. J\u00e4senmaksu vuonna 2025 on 20 \u20ac<\/p>\n\n\n\n<details class=\"wp-block-details is-layout-flow wp-block-details-is-layout-flow\"><summary><strong>VUOKRATTAVAT KONEET JA LAITTEET V. 2026:<\/strong><\/summary>\n<p><\/p>\n<\/details>\n\n\n\n<p><strong>Kaapelin hakulaite<\/strong><\/p>\n\n\n\n<p>40\u20ac\/k\u00e4ytt\u00f6kerta\/ty\u00f6p\u00e4iv\u00e4. 0400-881035 Timo Pekkarinen 0400-726336 Tuomo Pekkarinen<\/p>\n\n\n\n<p><strong>&nbsp;Tekstiili pesuri<\/strong><\/p>\n\n\n\n<figure class=\"wp-block-image size-large\"><img loading=\"lazy\" decoding=\"async\" width=\"1024\" height=\"768\" src=\"https:\/\/murtolahti.fi\/wp-content\/uploads\/2025\/12\/Tekstiiilipesuri-1024x768.jpg\" alt=\"\" class=\"wp-image-966\" srcset=\"https:\/\/murtolahti.fi\/wp-content\/uploads\/2025\/12\/Tekstiiilipesuri-1024x768.jpg 1024w, https:\/\/murtolahti.fi\/wp-content\/uploads\/2025\/12\/Tekstiiilipesuri-300x225.jpg 300w, https:\/\/murtolahti.fi\/wp-content\/uploads\/2025\/12\/Tekstiiilipesuri-768x576.jpg 768w, https:\/\/murtolahti.fi\/wp-content\/uploads\/2025\/12\/Tekstiiilipesuri-400x300.jpg 400w, https:\/\/murtolahti.fi\/wp-content\/uploads\/2025\/12\/Tekstiiilipesuri.jpg 1500w\" sizes=\"auto, (max-width: 1024px) 100vw, 1024px\" \/><\/figure>\n\n\n\n<p class=\"has-black-color has-text-color has-link-color wp-elements-28d163be403b67780a97b5bd494d8826\">20\u20ac\/p\u00e4iv\u00e4. Henrik K\u00e4h\u00f6nen Kivennavan lomakartano puh. <a href=\"https:\/\/www.google.com\/search?q=Kivennavan+lomakartano&amp;rlz=1C1VDKB_fiFI980FI980&amp;oq=Kivennavan+lomakartano&amp;gs_lcrp=EgZjaHJvbWUyBggAEEUYOTIHCAEQIRigAdIBCTIyODk5ajBqN6gCCLACAfEFQDO8MWPSA7jxBUAzvDFj0gO4&amp;sourceid=chrome&amp;ie=UTF-8#\">050 5946553<\/a><\/p>\n\n\n\n<p><strong>Metallinpaljastin<\/strong>, Garrett at Pro 10\u20ac\/ty\u00f6p\u00e4iv\u00e4.<\/p>\n\n\n\n<p>0400-881035 Timo Pekkarinen 0400-726336 Tuomo Pekkarinen&nbsp;<\/p>\n\n\n\n<p><strong>Vesakkomurskain, Kronos ketjumurskain<\/strong>, ulottuvuus 4 m, ty\u00f6leveys 1,6 m<\/p>\n\n\n\n<p>130 \u20ac\/ ty\u00f6p\u00e4iv\u00e4 040-5038572 Hannu Parviainen<\/p>\n\n\n\n<p><strong>Pilkekone<\/strong>, ketjukatkaisu, hydraulinen<\/p>\n\n\n\n<p>60 \u20ac\/ty\u00f6p\u00e4iv\u00e4&nbsp; 0400-884 217 Lassi-Pekka Airaksinen Huutoniemi<\/p>\n\n\n\n<p><strong>Mammuttisekoitin<\/strong> 40 \u20ac\/ty\u00f6p\u00e4iv\u00e4<\/p>\n\n\n\n<p>0400-884 217 Lassi-Pekka Airaksinen Huutoniemi<\/p>\n\n\n\n<p><strong>Jyr\u00e4<\/strong>, 6 m leve\u00e4 5 \u20ac\/ha &nbsp;Lassi-Pekka Airaksinen<\/p>\n\n\n\n<p><strong>Huutoniemi Lietteen potkurisekoitin<\/strong> 30\u20ac\/p\u00e4iv\u00e4 0400-884 217 Lassi-Pekka Airaksinen <\/p>\n\n\n\n<p><strong>Kasviskuivuri<\/strong> 5 \u20ac\/ ty\u00f6p\u00e4iv\u00e4, j\u00e4senille ilmainen. 040-5289319 Helena Liukkunen Siperi<\/p>\n\n\n\n<p><strong>Astiasto<\/strong>, 100 hl\u00f6, sek\u00e4 ruokailu ett\u00e4 kahvi, valkoinen, Arabia, konepest\u00e4v\u00e4<br>35 \u20ac\/ k\u00e4ytt\u00f6kerta* 050-4125687 Timo Ik\u00e4heimo<\/p>\n\n\n\n<p><strong>Kahviastiasto<\/strong>, Arabia, valkoinen, konepest\u00e4v\u00e4 20 \u20ac\/ k\u00e4ytt\u00f6kerta*<br>050-4125687 Timo Ik\u00e4heimo<\/p>\n\n\n\n<p><strong>Kahvinkeitin, laitos<\/strong>, 10 \u20ac\/k\u00e4ytt\u00f6kerta, 050-4125687 Timo Ik\u00e4heimo<\/p>\n\n\n\n<p>*rikkoutunut astia 4 \u20ac, \u00e4l\u00e4 korvaa rikkoutunutta astiaa toisen sarjan astialla<\/p>\n\n\n\n<p><strong>Vuokrattavana my\u00f6s&nbsp;<\/strong>videotykki ja valkokangas 10 \u20ac\/k\u00e4ytt\u00f6kerta<br>Pekka tai MaijaToivanen puh. 0400 788450<\/p>\n\n\n\n<div data-wp-interactive=\"core\/file\" class=\"wp-block-file\"><object data-wp-bind--hidden=\"!state.hasPdfPreview\" hidden class=\"wp-block-file__embed\" data=\"https:\/\/murtolahti.fi\/wp-content\/uploads\/2026\/03\/MKS-vuokrattavat-koneet-ja-laitteet-2026.pdf\" type=\"application\/pdf\" style=\"width:100%;height:433px\" aria-label=\"Tiedoston MKS vuokrattavat koneet ja laitteet 2026 upotus.\"><\/object><a id=\"wp-block-file--media-ac603f66-3c33-4ee0-b474-b7f5035728ef\" href=\"https:\/\/murtolahti.fi\/wp-content\/uploads\/2026\/03\/MKS-vuokrattavat-koneet-ja-laitteet-2026.pdf\">MKS vuokrattavat koneet ja laitteet 2026<\/a><a href=\"https:\/\/murtolahti.fi\/wp-content\/uploads\/2026\/03\/MKS-vuokrattavat-koneet-ja-laitteet-2026.pdf\" class=\"wp-block-file__button wp-element-button\" download aria-describedby=\"wp-block-file--media-ac603f66-3c33-4ee0-b474-b7f5035728ef\">Lataa<\/a><\/div>\n\n\n\n\n\n<p><strong>Yhteystiedot<\/strong>: JOHTOKUNTA<\/p>\n\n\n\n<p>Henrik K\u00e4h\u00f6nen, puheenjohtaja, puh. 044 286 9010<br>Tatu Pekkarinen, varapuheenjohtaja, puh. 0400 636 996<br>Sirpa Lintunen, sihteeri, puh. 0440 843&nbsp;352<br>Timo Ik\u00e4heimo<br>Tuomo Pekkarinen<br>Timo Suominen<br>Minna V\u00e4\u00e4n\u00e4nen<\/p>\n","protected":false},"excerpt":{"rendered":"<p>Murtolahden maa- ja kotitalousseura ry V\u00e4himm\u00e4isveloitus on ty\u00f6p\u00e4iv\u00e4n tai k\u00e4ytt\u00f6kerran hinta taulukon mukaisesti Maksa vuokra k\u00e4yt\u00f6n j\u00e4lkeen yhdistyksen tilille FI42 5288 0440 0483 63 Jos et ole yhdistyksen j\u00e4sen, lis\u00e4\u00e4 vuokraan 10 \u20ac. J\u00e4senmaksu vuonna 2025 on 20 \u20ac Kaapelin &hellip; <a href=\"https:\/\/murtolahti.fi\/?page_id=20\">Lue loppuun <span class=\"meta-nav\">&rarr;<\/span><\/a><\/p>\n","protected":false},"author":1,"featured_media":0,"parent":0,"menu_order":3,"comment_status":"closed","ping_status":"closed","template":"","meta":{"footnotes":""},"class_list":["post-20","page","type-page","status-publish","hentry"],"_links":{"self":[{"href":"https:\/\/murtolahti.fi\/index.php?rest_route=\/wp\/v2\/pages\/20","targetHints":{"allow":["GET"]}}],"collection":[{"href":"https:\/\/murtolahti.fi\/index.php?rest_route=\/wp\/v2\/pages"}],"about":[{"href":"https:\/\/murtolahti.fi\/index.php?rest_route=\/wp\/v2\/types\/page"}],"author":[{"embeddable":true,"href":"https:\/\/murtolahti.fi\/index.php?rest_route=\/wp\/v2\/users\/1"}],"replies":[{"embeddable":true,"href":"https:\/\/murtolahti.fi\/index.php?rest_route=%2Fwp%2Fv2%2Fcomments&post=20"}],"version-history":[{"count":10,"href":"https:\/\/murtolahti.fi\/index.php?rest_route=\/wp\/v2\/pages\/20\/revisions"}],"predecessor-version":[{"id":1112,"href":"https:\/\/murtolahti.fi\/index.php?rest_route=\/wp\/v2\/pages\/20\/revisions\/1112"}],"wp:attachment":[{"href":"https:\/\/murtolahti.fi\/index.php?rest_route=%2Fwp%2Fv2%2Fmedia&parent=20"}],"curies":[{"name":"wp","href":"https:\/\/api.w.org\/{rel}","templated":true}]}}