{"id":17,"date":"2018-08-25T10:13:39","date_gmt":"2018-08-25T10:13:39","guid":{"rendered":"http:\/\/murtolahti.fi\/?page_id=6"},"modified":"2026-03-20T04:53:26","modified_gmt":"2026-03-20T04:53:26","slug":"kylayhdistys","status":"publish","type":"page","link":"https:\/\/murtolahti.fi\/","title":{"rendered":"KYL\u00c4YHDISTYS"},"content":{"rendered":"<div class=\"wp-block-image\">\n<figure class=\"aligncenter size-large\"><img loading=\"lazy\" decoding=\"async\" width=\"1024\" height=\"225\" src=\"https:\/\/murtolahti.fi\/wp-content\/uploads\/2025\/12\/Hiekkaniemi-PeraB-1024x225.jpg\" alt=\"Hiekkaniemen laiturilta n\u00e4kym\u00e4 Juurukselle.\" class=\"wp-image-840\" srcset=\"https:\/\/murtolahti.fi\/wp-content\/uploads\/2025\/12\/Hiekkaniemi-PeraB-1024x225.jpg 1024w, https:\/\/murtolahti.fi\/wp-content\/uploads\/2025\/12\/Hiekkaniemi-PeraB-300x66.jpg 300w, https:\/\/murtolahti.fi\/wp-content\/uploads\/2025\/12\/Hiekkaniemi-PeraB-768x169.jpg 768w, https:\/\/murtolahti.fi\/wp-content\/uploads\/2025\/12\/Hiekkaniemi-PeraB-1536x338.jpg 1536w, https:\/\/murtolahti.fi\/wp-content\/uploads\/2025\/12\/Hiekkaniemi-PeraB-2048x450.jpg 2048w, https:\/\/murtolahti.fi\/wp-content\/uploads\/2025\/12\/Hiekkaniemi-PeraB-500x110.jpg 500w\" sizes=\"auto, (max-width: 1024px) 100vw, 1024px\" \/><\/figure>\n<\/div>\n\n\n<p class=\"has-text-align-center\"><br>\nMurtolahden kyl\u00e4yhdistys ry. toimii Murtolahden kyl\u00e4n kehitt\u00e4j\u00e4n\u00e4, asukkaiden viihtyisyyden edist\u00e4j\u00e4n\u00e4, asioiden ja tarpeiden tiedottajana ja esitysten eteenp\u00e4in viej\u00e4n\u00e4, sek\u00e4 yhteyden pit\u00e4j\u00e4n\u00e4 eri vaikutustahoihin.<\/p>\n\n\n\n<h2 class=\"wp-block-heading\">SIRKAN KUNTOSALI<\/h2>\n\n\n\n<p class=\"has-text-align-center\"><strong>Sirkan Sali<\/strong> (k\u00e4yntiosoite Murtolahdentie 257) on Murtolahden kyl\u00e4yhdistys ry:n yll\u00e4pit\u00e4m\u00e4 kuntosali. Salin yll\u00e4pidosta vastaa kuntosalitoimikunta. Toimikuntaan kuuluvat Markku Liukkunen, Joona Martikainen, Hannu Matilainen, Timo Suominen, Juha Holopainen ja Reijo Tuononen.<br> Sali on kaikille avoin ik\u00e4\u00e4n ja sukupuoleen katsomatta.&nbsp; Avaimia voi tiedustella Kari Ik\u00e4heimolta avain pantti on 10 \u20ac.<br> Harjoittelu salilla tapahtuu omalla vastuulla. Salilta l\u00f6ytyy laitteitta kaikkien p\u00e4\u00e4lihasryhmien harjoittamiseen. Mahdollisista muutoksista ilmoitetaan n\u00e4ill\u00e4 sivuilla sek\u00e4 salin ulko-ovessa.<br> Mik\u00e4li olet kiinnostunut toimimaan jonkun ryhm\u00e4n vertaisohjaajana voit perustaa ryhm\u00e4n ja ilmoittaa esim. <a href=\"https:\/\/murtolahti.fi\/tiijotteet\/\">VIESTIT, ILMOITUKSET<\/a> sivulla sen kokoontumisesta.<\/p>\n\n\n\n<p><strong>Kuntosali maksut vuoden 2026 alusta:<\/strong><br> &#8211; Lukukausimaksu&nbsp; 40\u20ac. Kyl\u00e4n ulkopuoliset asukkaat 50\u20ac. Suoritetaan puolivuosittain (kev\u00e4tkausi tammikuun loppuun menness\u00e4, syyskausi hein\u00e4kuun loppuun menness\u00e4) Murtolahden kyl\u00e4yhdistys ry:n tilille FI7352880440057117. Merkitse viitteeksi 767.<br> &#8211; Kertak\u00e4ynti 5 \u20ac. K\u00e4ynnit laskutetaan puolivuosittain k\u00e4yntikertojen mukaan. Muista merkit\u00e4 nimesi, laskutusosoitteesi sek\u00e4 k\u00e4yntikertasi salin sein\u00e4ll\u00e4 olevaan kalenteriin!<br> Maksuilla pyrit\u00e4\u00e4n kattamaan salin l\u00e4mmityksest\u00e4 ja valaistuksesta syntyv\u00e4t kulut sek\u00e4 muut pakolliset menot.<br>Kyl\u00e4yhdistys on ottanut k\u00e4ytt\u00f6\u00f6n vapaaehtoisen kannatus j\u00e4senmaksun joka on 10\u20ac\/v.<br>Maksamalla j\u00e4senmaksun tuet yhdistyksen toimintaa ja saat my\u00f6s 5\u20ac euron alennuksen Sirkansalin puolen vuoden k\u00e4ytt\u00f6maksusta.<\/p>\n\n\n\n<p class=\"has-text-align-center\"><strong>Kyl\u00e4yhdistyksen hallinnoima rantam\u00f6kki (vuokrattavissa)<\/strong><br>Osoite: Koskitie 21, 73410 Pieks\u00e4nkoski (Kuopio)<\/p>\n\n\n<div class=\"wp-block-image is-style-rounded\">\n<figure class=\"aligncenter size-large\"><a href=\"https:\/\/murtolahti.fi\/?attachment_id=868\"><img loading=\"lazy\" decoding=\"async\" width=\"1024\" height=\"668\" src=\"https:\/\/murtolahti.fi\/wp-content\/uploads\/2019\/03\/Kylatupa-1024x668.jpg\" alt=\"\" class=\"wp-image-868\" srcset=\"https:\/\/murtolahti.fi\/wp-content\/uploads\/2019\/03\/Kylatupa-1024x668.jpg 1024w, https:\/\/murtolahti.fi\/wp-content\/uploads\/2019\/03\/Kylatupa-300x196.jpg 300w, https:\/\/murtolahti.fi\/wp-content\/uploads\/2019\/03\/Kylatupa-768x501.jpg 768w, https:\/\/murtolahti.fi\/wp-content\/uploads\/2019\/03\/Kylatupa-1536x1002.jpg 1536w, https:\/\/murtolahti.fi\/wp-content\/uploads\/2019\/03\/Kylatupa-460x300.jpg 460w, https:\/\/murtolahti.fi\/wp-content\/uploads\/2019\/03\/Kylatupa.jpg 2000w\" sizes=\"auto, (max-width: 1024px) 100vw, 1024px\" \/><\/a><\/figure>\n<\/div>\n\n\n<div class=\"wp-block-buttons is-content-justification-center is-layout-flex wp-container-core-buttons-is-layout-16018d1d wp-block-buttons-is-layout-flex\">\n<div class=\"wp-block-button has-custom-width wp-block-button__width-50 is-style-outline is-style-outline--1\"><a class=\"wp-block-button__link has-white-background-color has-background has-text-align-center wp-element-button\" href=\"https:\/\/murtolahti.fi\/?page_id=899\">KYL\u00c4TUVAN VARAUS KALENTERIIN<\/a><\/div>\n<\/div>\n\n\n\n<h5 class=\"wp-block-heading has-text-align-center\">Sis\u00e4kuvaa<\/h5>\n\n\n\n<figure data-wp-context=\"{&quot;imageId&quot;:&quot;69d4193acb335&quot;}\" data-wp-interactive=\"core\/image\" data-wp-key=\"69d4193acb335\" class=\"wp-block-image size-large is-style-rounded wp-lightbox-container\"><img loading=\"lazy\" decoding=\"async\" width=\"1024\" height=\"481\" data-wp-class--hide=\"state.isContentHidden\" data-wp-class--show=\"state.isContentVisible\" data-wp-init=\"callbacks.setButtonStyles\" data-wp-on--click=\"actions.showLightbox\" data-wp-on--load=\"callbacks.setButtonStyles\" data-wp-on-window--resize=\"callbacks.setButtonStyles\" src=\"https:\/\/murtolahti.fi\/wp-content\/uploads\/2025\/12\/Kylatupa-siskuvat-1024x481.jpg\" alt=\"Kyl\u00e4tuvan sis\u00e4kuva\" class=\"wp-image-922\" srcset=\"https:\/\/murtolahti.fi\/wp-content\/uploads\/2025\/12\/Kylatupa-siskuvat-1024x481.jpg 1024w, https:\/\/murtolahti.fi\/wp-content\/uploads\/2025\/12\/Kylatupa-siskuvat-300x141.jpg 300w, https:\/\/murtolahti.fi\/wp-content\/uploads\/2025\/12\/Kylatupa-siskuvat-768x361.jpg 768w, https:\/\/murtolahti.fi\/wp-content\/uploads\/2025\/12\/Kylatupa-siskuvat-1536x722.jpg 1536w, https:\/\/murtolahti.fi\/wp-content\/uploads\/2025\/12\/Kylatupa-siskuvat-2048x963.jpg 2048w, https:\/\/murtolahti.fi\/wp-content\/uploads\/2025\/12\/Kylatupa-siskuvat-500x235.jpg 500w\" sizes=\"auto, (max-width: 1024px) 100vw, 1024px\" \/><button\n\t\t\tclass=\"lightbox-trigger\"\n\t\t\ttype=\"button\"\n\t\t\taria-haspopup=\"dialog\"\n\t\t\taria-label=\"Suurenna\"\n\t\t\tdata-wp-init=\"callbacks.initTriggerButton\"\n\t\t\tdata-wp-on--click=\"actions.showLightbox\"\n\t\t\tdata-wp-style--right=\"state.imageButtonRight\"\n\t\t\tdata-wp-style--top=\"state.imageButtonTop\"\n\t\t>\n\t\t\t<svg xmlns=\"http:\/\/www.w3.org\/2000\/svg\" width=\"12\" height=\"12\" fill=\"none\" viewBox=\"0 0 12 12\">\n\t\t\t\t<path fill=\"#fff\" d=\"M2 0a2 2 0 0 0-2 2v2h1.5V2a.5.5 0 0 1 .5-.5h2V0H2Zm2 10.5H2a.5.5 0 0 1-.5-.5V8H0v2a2 2 0 0 0 2 2h2v-1.5ZM8 12v-1.5h2a.5.5 0 0 0 .5-.5V8H12v2a2 2 0 0 1-2 2H8Zm2-12a2 2 0 0 1 2 2v2h-1.5V2a.5.5 0 0 0-.5-.5H8V0h2Z\" \/>\n\t\t\t<\/svg>\n\t\t<\/button><\/figure>\n\n\n\n<p class=\"style1 has-blue-color has-text-color has-link-color wp-elements-da3bf23c7ed0a8f9327fc2c851c1a96b\"><span style=\"color: #006699; font-family: Arial;\">&nbsp;M\u00f6kiss\u00e4 osuuuskuntavesi, s\u00e4hk\u00f6hella, -uuni, viem\u00e4ri, j\u00e4\u00e4kaappi, mikrouuni, radiocd, k\u00e4ytt\u00f6astioita, puul\u00e4mmitteinen takka, sauna, krillikatos, ulkovarasto, ulkowc, soutuvene vapaasti vuokraajien k\u00e4yt\u00f6ss\u00e4.<br> Venev\u00e4yl\u00e4 Pieks\u00e4nkosken retkisatamaan on ruopattu 1,2 metriin.<br> Vuokratessasi m\u00f6kin, laituripaikka sis\u00e4ltyy silt\u00e4 ajalta m\u00f6kin vuokraan.<br> Talvella hiihtomahdollisuus moottorikelkalla hoidetulla ladulla (kyl\u00e4ll\u00e4, jos on lunta tarpeeksi).<br><\/span><br><span style=\"color: #006699; font-family: Arial;\">Lis\u00e4tiedot ja varaukset: Helena Liukkunen, 0405289319<br> Sposti: lh.liukkunen(at)gmail.com<\/span> tai Jukka Leutonen puh. 0443085234 s-posti: jukka.leutonen[at]gmail.com<br><span style=\"color: #006699; font-family: Arial;\"><span class=\"auto-style3\"><br> <\/span><br> Vuokrat: 50 \u20ac vrk<br> viikko 300 \u20ac,<br> 600 \u20ac 2 viikkoa,<br> 25 \u20ac saunominen (20 henkil\u00f6\u00e4).<\/span><\/p>\n\n\n\n<ul class=\"wp-block-list\">\n<li><p align=\"left\"><span style=\"color: #006699; font-family: Arial;\">Rannassa mahdollista vuokrata venepaikka Pieks\u00e4nkosken retkisataman laiturista.<\/span><\/p><p>Venepaikan hinnat:<\/p><\/li>\n\n\n\n<li><p align=\"left\"><span style=\"color: #006699; font-family: Arial;\">kyl\u00e4l\u00e4isilt\u00e4 25 \u20ac \/ kausi<\/span><\/p><\/li>\n\n\n\n<li><p align=\"left\"><span style=\"color: #006699; font-family: Arial;\">muilta 50 \u20ac kausi<\/span><\/p><\/li>\n\n\n\n<li><p align=\"left\"><span style=\"color: #006699; font-family: Arial;\">rantapaikka (telaranta) soutuveneelle 20 \u20ac\/kausi<\/span><\/p><\/li>\n<\/ul>\n\n\n\n<p><span style=\"color: #006699; font-family: Arial;\">TERVETULOA VIRKISTYM\u00c4\u00c4N PIEKS\u00c4NKOSKELLE!<\/span><\/p>\n\n\n\n<h4 class=\"wp-block-heading auto-style4\">Murtolahden Kyl\u00e4yhdistys ry:n johtokunta<\/h4>\n\n\n\n<p>Kari Ik\u00e4heimo 040 5213310 Saram\u00e4entie 517 as 2 kari_ikaheimo(at)hotmail.com puheenjohtaja 73410 Pieks\u00e4nkoski<\/p>\n\n\n\n<p>Maija Toivanen 0400 788450 toivanenmaija(at)outlook.com varapuheenjohtaja <\/p>\n\n\n\n<p>Sihteeri: Jukka Leutonen puh. 0443085234 s-posti: jukka.leutonen[at]gmail.com<\/p>\n\n\n\n<p>Katja Lappalainen 040 534 4634 &nbsp;s-posti: <span class=\"auto-style3\">katjalle[at]gmail.com<\/span><\/p>\n\n\n\n<p>Hannu Parviainen 0405038572 s-posti:&nbsp; hannuhanhi[at]dnainternet.net<\/p>\n\n\n\n<p>Antti Lappalainen 040 727 4541 s-posti:&nbsp;&nbsp;<span class=\"auto-style3\"> anttilappalainen[at]wippies.fi<\/span><\/p>\n\n\n\n<p>Urpu-Liisa Leutonen 044 3426574 Koskitie 2 urpuleutonen(at)gmail.com <\/p>\n\n\n\n<p>Lauri Pekkarinen 0400 73 6027 lauripekkarinen(at)hotmail.com<\/p>\n\n\n\n<p>Olli K\u00e4\u00e4ri\u00e4inen 040 734 5076 Talvisalo 202 olli.kaariainen(at)pp.1.inet.fi<\/p>\n\n\n\n<p><\/p>\n\n\n\n<p><b>Johtokunnan ulkopuolinen rahastonhoitaja:<\/b><\/p>\n\n\n\n<p>Markku Liukkunen 050 5974 520 s-posti:\u00a0 \u00a0<span class=\"auto-style3\">markku.liukkunen[at]<\/span>gmail.com<\/p>\n\n\n\n<p><\/p>\n\n\n\n<p><\/p>\n\n\n\n<p><\/p>\n\n\n\n<p><\/p>\n\n\n\n<p><\/p>\n\n\n\n<p><\/p>\n","protected":false},"excerpt":{"rendered":"<p>Murtolahden kyl\u00e4yhdistys ry. toimii Murtolahden kyl\u00e4n kehitt\u00e4j\u00e4n\u00e4, asukkaiden viihtyisyyden edist\u00e4j\u00e4n\u00e4, asioiden ja tarpeiden tiedottajana ja esitysten eteenp\u00e4in viej\u00e4n\u00e4, sek\u00e4 yhteyden pit\u00e4j\u00e4n\u00e4 eri vaikutustahoihin. SIRKAN KUNTOSALI Sirkan Sali (k\u00e4yntiosoite Murtolahdentie 257) on Murtolahden kyl\u00e4yhdistys ry:n yll\u00e4pit\u00e4m\u00e4 kuntosali. Salin yll\u00e4pidosta vastaa kuntosalitoimikunta. &hellip; <a href=\"https:\/\/murtolahti.fi\/\">Lue loppuun <span class=\"meta-nav\">&rarr;<\/span><\/a><\/p>\n","protected":false},"author":1,"featured_media":0,"parent":0,"menu_order":1,"comment_status":"closed","ping_status":"closed","template":"","meta":{"footnotes":""},"class_list":["post-17","page","type-page","status-publish","hentry"],"_links":{"self":[{"href":"https:\/\/murtolahti.fi\/index.php?rest_route=\/wp\/v2\/pages\/17","targetHints":{"allow":["GET"]}}],"collection":[{"href":"https:\/\/murtolahti.fi\/index.php?rest_route=\/wp\/v2\/pages"}],"about":[{"href":"https:\/\/murtolahti.fi\/index.php?rest_route=\/wp\/v2\/types\/page"}],"author":[{"embeddable":true,"href":"https:\/\/murtolahti.fi\/index.php?rest_route=\/wp\/v2\/users\/1"}],"replies":[{"embeddable":true,"href":"https:\/\/murtolahti.fi\/index.php?rest_route=%2Fwp%2Fv2%2Fcomments&post=17"}],"version-history":[{"count":22,"href":"https:\/\/murtolahti.fi\/index.php?rest_route=\/wp\/v2\/pages\/17\/revisions"}],"predecessor-version":[{"id":1088,"href":"https:\/\/murtolahti.fi\/index.php?rest_route=\/wp\/v2\/pages\/17\/revisions\/1088"}],"wp:attachment":[{"href":"https:\/\/murtolahti.fi\/index.php?rest_route=%2Fwp%2Fv2%2Fmedia&parent=17"}],"curies":[{"name":"wp","href":"https:\/\/api.w.org\/{rel}","templated":true}]}}